{"id":1537,"date":"2022-11-06T15:11:32","date_gmt":"2022-11-06T18:11:32","guid":{"rendered":"https:\/\/annaosta.com.br\/site\/?page_id=1537"},"modified":"2024-10-12T07:23:40","modified_gmt":"2024-10-12T10:23:40","slug":"livros","status":"publish","type":"page","link":"https:\/\/annaosta.com.br\/site\/livros\/","title":{"rendered":"Livros"},"content":{"rendered":"\t\t<div data-elementor-type=\"wp-post\" data-elementor-id=\"1537\" class=\"elementor elementor-1537\">\n\t\t\t\t\t\t<section class=\"elementor-section elementor-top-section elementor-element elementor-element-361fc38 elementor-section-boxed elementor-section-height-default elementor-section-height-default\" data-id=\"361fc38\" data-element_type=\"section\" data-e-type=\"section\">\n\t\t\t\t\t\t<div class=\"elementor-container elementor-column-gap-default\">\n\t\t\t\t\t<div class=\"elementor-column elementor-col-33 elementor-top-column elementor-element elementor-element-378e0c3\" data-id=\"378e0c3\" data-element_type=\"column\" data-e-type=\"column\">\n\t\t\t<div class=\"elementor-widget-wrap elementor-element-populated\">\n\t\t\t\t\t\t<div class=\"elementor-element elementor-element-3275820 elementor-widget elementor-widget-image\" data-id=\"3275820\" data-element_type=\"widget\" data-e-type=\"widget\" data-widget_type=\"image.default\">\n\t\t\t\t<div class=\"elementor-widget-container\">\n\t\t\t\t\t\t\t\t\t\t\t\t\t\t\t\t<a href=\"https:\/\/annaosta.com.br\/site\/crescer-na-terra-do-nunca-hq\/\">\n\t\t\t\t\t\t\t<img fetchpriority=\"high\" decoding=\"async\" width=\"212\" height=\"300\" src=\"https:\/\/annaosta.com.br\/site\/wp-content\/uploads\/2024\/10\/Crescer-na-Terra-do-Nunca-HQ-212x300.jpg\" class=\"attachment-medium size-medium wp-image-3102\" alt=\"\" srcset=\"https:\/\/annaosta.com.br\/site\/wp-content\/uploads\/2024\/10\/Crescer-na-Terra-do-Nunca-HQ-212x300.jpg 212w, https:\/\/annaosta.com.br\/site\/wp-content\/uploads\/2024\/10\/Crescer-na-Terra-do-Nunca-HQ-725x1024.jpg 725w, https:\/\/annaosta.com.br\/site\/wp-content\/uploads\/2024\/10\/Crescer-na-Terra-do-Nunca-HQ-768x1084.jpg 768w, https:\/\/annaosta.com.br\/site\/wp-content\/uploads\/2024\/10\/Crescer-na-Terra-do-Nunca-HQ.jpg 1080w\" sizes=\"(max-width: 212px) 100vw, 212px\" \/>\t\t\t\t\t\t\t\t<\/a>\n\t\t\t\t\t\t\t\t\t\t\t\t\t\t\t<\/div>\n\t\t\t\t<\/div>\n\t\t\t\t<div class=\"elementor-element elementor-element-3fa9447 elementor-widget elementor-widget-text-editor\" data-id=\"3fa9447\" data-element_type=\"widget\" data-e-type=\"widget\" data-widget_type=\"text-editor.default\">\n\t\t\t\t<div class=\"elementor-widget-container\">\n\t\t\t\t\t\t\t\t\t<p style=\"text-align: center;\"><strong>Crescer na Terra do Nunca HQ<\/strong><br \/>(Mirarte, 3ed. 2024)<\/p>\t\t\t\t\t\t\t\t<\/div>\n\t\t\t\t<\/div>\n\t\t\t\t\t<\/div>\n\t\t<\/div>\n\t\t\t\t<div class=\"elementor-column elementor-col-33 elementor-top-column elementor-element elementor-element-a14deb4\" data-id=\"a14deb4\" data-element_type=\"column\" data-e-type=\"column\">\n\t\t\t<div class=\"elementor-widget-wrap elementor-element-populated\">\n\t\t\t\t\t\t<div class=\"elementor-element elementor-element-26d186c elementor-widget elementor-widget-image\" data-id=\"26d186c\" data-element_type=\"widget\" data-e-type=\"widget\" data-widget_type=\"image.default\">\n\t\t\t\t<div class=\"elementor-widget-container\">\n\t\t\t\t\t\t\t\t\t\t\t\t\t\t\t\t<a href=\"https:\/\/annaosta.com.br\/site\/o-livro-do-clube-do-livro-e-suas-historias\/\">\n\t\t\t\t\t\t\t<img decoding=\"async\" width=\"218\" height=\"300\" src=\"https:\/\/annaosta.com.br\/site\/wp-content\/uploads\/2023\/05\/E-book-kindle-1-218x300.png\" class=\"attachment-medium size-medium wp-image-2625\" alt=\"\" srcset=\"https:\/\/annaosta.com.br\/site\/wp-content\/uploads\/2023\/05\/E-book-kindle-1-e1684270681960.png 218w, https:\/\/annaosta.com.br\/site\/wp-content\/uploads\/2023\/05\/E-book-kindle-1-746x1024.png 746w, https:\/\/annaosta.com.br\/site\/wp-content\/uploads\/2023\/05\/E-book-kindle-1-768x1055.png 768w\" sizes=\"(max-width: 218px) 100vw, 218px\" \/>\t\t\t\t\t\t\t\t<\/a>\n\t\t\t\t\t\t\t\t\t\t\t\t\t\t\t<\/div>\n\t\t\t\t<\/div>\n\t\t\t\t<div class=\"elementor-element elementor-element-3180a43 elementor-widget elementor-widget-text-editor\" data-id=\"3180a43\" data-element_type=\"widget\" data-e-type=\"widget\" data-widget_type=\"text-editor.default\">\n\t\t\t\t<div class=\"elementor-widget-container\">\n\t\t\t\t\t\t\t\t\t<p style=\"text-align: center;\"><strong>O livro do Clube do Livro e suas hist\u00f3rias<\/strong><br>(CLS, 2023)<\/p>\t\t\t\t\t\t\t\t<\/div>\n\t\t\t\t<\/div>\n\t\t\t\t\t<\/div>\n\t\t<\/div>\n\t\t\t\t<div class=\"elementor-column elementor-col-33 elementor-top-column elementor-element elementor-element-d71ecf4\" data-id=\"d71ecf4\" data-element_type=\"column\" data-e-type=\"column\">\n\t\t\t<div class=\"elementor-widget-wrap elementor-element-populated\">\n\t\t\t\t\t\t<div class=\"elementor-element elementor-element-d6c3eaf elementor-widget elementor-widget-image\" data-id=\"d6c3eaf\" data-element_type=\"widget\" data-e-type=\"widget\" data-widget_type=\"image.default\">\n\t\t\t\t<div class=\"elementor-widget-container\">\n\t\t\t\t\t\t\t\t\t\t\t\t\t\t\t\t<a href=\"https:\/\/annaosta.com.br\/site\/crescer-na-terra-do-nunca\/\">\n\t\t\t\t\t\t\t<img decoding=\"async\" width=\"200\" height=\"300\" src=\"https:\/\/annaosta.com.br\/site\/wp-content\/uploads\/2022\/11\/Crescer-na-Terra-do-Nunca-200x300.jpg\" class=\"attachment-medium size-medium wp-image-1860\" alt=\"\" srcset=\"https:\/\/annaosta.com.br\/site\/wp-content\/uploads\/2022\/11\/Crescer-na-Terra-do-Nunca-200x300.jpg 200w, https:\/\/annaosta.com.br\/site\/wp-content\/uploads\/2022\/11\/Crescer-na-Terra-do-Nunca-683x1024.jpg 683w, https:\/\/annaosta.com.br\/site\/wp-content\/uploads\/2022\/11\/Crescer-na-Terra-do-Nunca-768x1152.jpg 768w, https:\/\/annaosta.com.br\/site\/wp-content\/uploads\/2022\/11\/Crescer-na-Terra-do-Nunca-1024x1536.jpg 1024w, https:\/\/annaosta.com.br\/site\/wp-content\/uploads\/2022\/11\/Crescer-na-Terra-do-Nunca.jpg 1080w\" sizes=\"(max-width: 200px) 100vw, 200px\" \/>\t\t\t\t\t\t\t\t<\/a>\n\t\t\t\t\t\t\t\t\t\t\t\t\t\t\t<\/div>\n\t\t\t\t<\/div>\n\t\t\t\t<div class=\"elementor-element elementor-element-2ead045 elementor-widget elementor-widget-text-editor\" data-id=\"2ead045\" data-element_type=\"widget\" data-e-type=\"widget\" data-widget_type=\"text-editor.default\">\n\t\t\t\t<div class=\"elementor-widget-container\">\n\t\t\t\t\t\t\t\t\t<p style=\"text-align: center;\"><strong>Crescer na Terra do Nunca<\/strong><br \/>(Mirarte, 2ed. 2022)<\/p>\t\t\t\t\t\t\t\t<\/div>\n\t\t\t\t<\/div>\n\t\t\t\t\t<\/div>\n\t\t<\/div>\n\t\t\t\t\t<\/div>\n\t\t<\/section>\n\t\t\t\t<section class=\"elementor-section elementor-top-section elementor-element elementor-element-58b54f4 elementor-section-boxed elementor-section-height-default elementor-section-height-default\" data-id=\"58b54f4\" data-element_type=\"section\" data-e-type=\"section\">\n\t\t\t\t\t\t<div class=\"elementor-container elementor-column-gap-default\">\n\t\t\t\t\t<div class=\"elementor-column elementor-col-33 elementor-top-column elementor-element elementor-element-1a9d198\" data-id=\"1a9d198\" data-element_type=\"column\" data-e-type=\"column\">\n\t\t\t<div class=\"elementor-widget-wrap elementor-element-populated\">\n\t\t\t\t\t\t<div class=\"elementor-element elementor-element-0dabd83 elementor-widget elementor-widget-image\" data-id=\"0dabd83\" data-element_type=\"widget\" data-e-type=\"widget\" data-widget_type=\"image.default\">\n\t\t\t\t<div class=\"elementor-widget-container\">\n\t\t\t\t\t\t\t\t\t\t\t\t\t\t\t\t<a href=\"https:\/\/annaosta.com.br\/site\/elefoa\/\">\n\t\t\t\t\t\t\t<img loading=\"lazy\" decoding=\"async\" width=\"206\" height=\"300\" src=\"https:\/\/annaosta.com.br\/site\/wp-content\/uploads\/2023\/01\/Elefoa-206x300.png\" class=\"attachment-medium size-medium wp-image-2410\" alt=\"\" srcset=\"https:\/\/annaosta.com.br\/site\/wp-content\/uploads\/2023\/01\/Elefoa-206x300.png 206w, https:\/\/annaosta.com.br\/site\/wp-content\/uploads\/2023\/01\/Elefoa.png 632w\" sizes=\"(max-width: 206px) 100vw, 206px\" \/>\t\t\t\t\t\t\t\t<\/a>\n\t\t\t\t\t\t\t\t\t\t\t\t\t\t\t<\/div>\n\t\t\t\t<\/div>\n\t\t\t\t<div class=\"elementor-element elementor-element-3681f44 elementor-widget elementor-widget-text-editor\" data-id=\"3681f44\" data-element_type=\"widget\" data-e-type=\"widget\" data-widget_type=\"text-editor.default\">\n\t\t\t\t<div class=\"elementor-widget-container\">\n\t\t\t\t\t\t\t\t\t<p style=\"text-align: center;\"><strong>Elefoa<\/strong><br>(Scortecci, 2009)<\/p>\t\t\t\t\t\t\t\t<\/div>\n\t\t\t\t<\/div>\n\t\t\t\t\t<\/div>\n\t\t<\/div>\n\t\t\t\t<div class=\"elementor-column elementor-col-33 elementor-top-column elementor-element elementor-element-e179580\" data-id=\"e179580\" data-element_type=\"column\" data-e-type=\"column\">\n\t\t\t<div class=\"elementor-widget-wrap elementor-element-populated\">\n\t\t\t\t\t\t<div class=\"elementor-element elementor-element-db4e44c elementor-widget elementor-widget-image\" data-id=\"db4e44c\" data-element_type=\"widget\" data-e-type=\"widget\" data-widget_type=\"image.default\">\n\t\t\t\t<div class=\"elementor-widget-container\">\n\t\t\t\t\t\t\t\t\t\t\t\t\t\t\t\t<a href=\"https:\/\/annaosta.com.br\/site\/mutirao-das-letrinhas\/\">\n\t\t\t\t\t\t\t<img loading=\"lazy\" decoding=\"async\" width=\"300\" height=\"300\" src=\"https:\/\/annaosta.com.br\/site\/wp-content\/uploads\/2022\/11\/Mutirao-das-letrinhas-300x300.png\" class=\"attachment-medium size-medium wp-image-2182\" alt=\"\" srcset=\"https:\/\/annaosta.com.br\/site\/wp-content\/uploads\/2022\/11\/Mutirao-das-letrinhas-300x300.png 300w, https:\/\/annaosta.com.br\/site\/wp-content\/uploads\/2022\/11\/Mutirao-das-letrinhas-1024x1024.png 1024w, https:\/\/annaosta.com.br\/site\/wp-content\/uploads\/2022\/11\/Mutirao-das-letrinhas-150x150.png 150w, https:\/\/annaosta.com.br\/site\/wp-content\/uploads\/2022\/11\/Mutirao-das-letrinhas-768x768.png 768w, https:\/\/annaosta.com.br\/site\/wp-content\/uploads\/2022\/11\/Mutirao-das-letrinhas.png 1080w\" sizes=\"(max-width: 300px) 100vw, 300px\" \/>\t\t\t\t\t\t\t\t<\/a>\n\t\t\t\t\t\t\t\t\t\t\t\t\t\t\t<\/div>\n\t\t\t\t<\/div>\n\t\t\t\t<div class=\"elementor-element elementor-element-e80b15a elementor-widget elementor-widget-text-editor\" data-id=\"e80b15a\" data-element_type=\"widget\" data-e-type=\"widget\" data-widget_type=\"text-editor.default\">\n\t\t\t\t<div class=\"elementor-widget-container\">\n\t\t\t\t\t\t\t\t\t<p style=\"text-align: center;\"><strong>Mutir\u00e3o das Letrinhas<\/strong><br \/>(Scortecci, 2008)<\/p>\t\t\t\t\t\t\t\t<\/div>\n\t\t\t\t<\/div>\n\t\t\t\t\t<\/div>\n\t\t<\/div>\n\t\t\t\t<div class=\"elementor-column elementor-col-33 elementor-top-column elementor-element elementor-element-a2c68f2\" data-id=\"a2c68f2\" data-element_type=\"column\" data-e-type=\"column\">\n\t\t\t<div class=\"elementor-widget-wrap elementor-element-populated\">\n\t\t\t\t\t\t<div class=\"elementor-element elementor-element-b3978ff elementor-widget elementor-widget-image\" data-id=\"b3978ff\" data-element_type=\"widget\" data-e-type=\"widget\" data-widget_type=\"image.default\">\n\t\t\t\t<div class=\"elementor-widget-container\">\n\t\t\t\t\t\t\t\t\t\t\t\t\t\t\t\t<a href=\"https:\/\/annaosta.com.br\/site\/peninha-o-filhote-de-corruira\/\">\n\t\t\t\t\t\t\t<img loading=\"lazy\" decoding=\"async\" width=\"207\" height=\"300\" src=\"https:\/\/annaosta.com.br\/site\/wp-content\/uploads\/2022\/11\/Peninha-207x300.png\" class=\"attachment-medium size-medium wp-image-2183\" alt=\"\" srcset=\"https:\/\/annaosta.com.br\/site\/wp-content\/uploads\/2022\/11\/Peninha-207x300.png 207w, https:\/\/annaosta.com.br\/site\/wp-content\/uploads\/2022\/11\/Peninha-707x1024.png 707w, https:\/\/annaosta.com.br\/site\/wp-content\/uploads\/2022\/11\/Peninha-768x1112.png 768w, https:\/\/annaosta.com.br\/site\/wp-content\/uploads\/2022\/11\/Peninha-1061x1536.png 1061w, https:\/\/annaosta.com.br\/site\/wp-content\/uploads\/2022\/11\/Peninha.png 1080w\" sizes=\"(max-width: 207px) 100vw, 207px\" \/>\t\t\t\t\t\t\t\t<\/a>\n\t\t\t\t\t\t\t\t\t\t\t\t\t\t\t<\/div>\n\t\t\t\t<\/div>\n\t\t\t\t<div class=\"elementor-element elementor-element-8e6bdb3 elementor-widget elementor-widget-text-editor\" data-id=\"8e6bdb3\" data-element_type=\"widget\" data-e-type=\"widget\" data-widget_type=\"text-editor.default\">\n\t\t\t\t<div class=\"elementor-widget-container\">\n\t\t\t\t\t\t\t\t\t<p style=\"text-align: center;\"><strong>Peninha &#8211; O filhote de corru\u00edra<\/strong><br \/>(Scortecci, 2007)<\/p>\t\t\t\t\t\t\t\t<\/div>\n\t\t\t\t<\/div>\n\t\t\t\t\t<\/div>\n\t\t<\/div>\n\t\t\t\t\t<\/div>\n\t\t<\/section>\n\t\t\t\t<section class=\"elementor-section elementor-top-section elementor-element elementor-element-ab0d9b3 elementor-section-boxed elementor-section-height-default elementor-section-height-default\" data-id=\"ab0d9b3\" data-element_type=\"section\" data-e-type=\"section\">\n\t\t\t\t\t\t<div class=\"elementor-container elementor-column-gap-default\">\n\t\t\t\t\t<div class=\"elementor-column elementor-col-33 elementor-top-column elementor-element elementor-element-76a61a3\" data-id=\"76a61a3\" data-element_type=\"column\" data-e-type=\"column\">\n\t\t\t<div class=\"elementor-widget-wrap elementor-element-populated\">\n\t\t\t\t\t\t<div class=\"elementor-element elementor-element-d6be15b elementor-widget elementor-widget-image\" data-id=\"d6be15b\" data-element_type=\"widget\" data-e-type=\"widget\" data-widget_type=\"image.default\">\n\t\t\t\t<div class=\"elementor-widget-container\">\n\t\t\t\t\t\t\t\t\t\t\t\t\t\t\t\t<a href=\"https:\/\/annaosta.com.br\/site\/betsy\/\">\n\t\t\t\t\t\t\t<img loading=\"lazy\" decoding=\"async\" width=\"200\" height=\"300\" src=\"https:\/\/annaosta.com.br\/site\/wp-content\/uploads\/2022\/11\/Betsy-200x300.jpg\" class=\"attachment-medium size-medium wp-image-1859\" alt=\"\" srcset=\"https:\/\/annaosta.com.br\/site\/wp-content\/uploads\/2022\/11\/Betsy-200x300.jpg 200w, https:\/\/annaosta.com.br\/site\/wp-content\/uploads\/2022\/11\/Betsy-683x1024.jpg 683w, https:\/\/annaosta.com.br\/site\/wp-content\/uploads\/2022\/11\/Betsy-768x1152.jpg 768w, https:\/\/annaosta.com.br\/site\/wp-content\/uploads\/2022\/11\/Betsy-1024x1536.jpg 1024w, https:\/\/annaosta.com.br\/site\/wp-content\/uploads\/2022\/11\/Betsy.jpg 1080w\" sizes=\"(max-width: 200px) 100vw, 200px\" \/>\t\t\t\t\t\t\t\t<\/a>\n\t\t\t\t\t\t\t\t\t\t\t\t\t\t\t<\/div>\n\t\t\t\t<\/div>\n\t\t\t\t<div class=\"elementor-element elementor-element-76ba4d1 elementor-widget elementor-widget-text-editor\" data-id=\"76ba4d1\" data-element_type=\"widget\" data-e-type=\"widget\" data-widget_type=\"text-editor.default\">\n\t\t\t\t<div class=\"elementor-widget-container\">\n\t\t\t\t\t\t\t\t\t<p style=\"text-align: center;\"><strong>Betsy &#8211; Fio da meada<\/strong> <br \/>(C\u00f3dex, 2002)<\/p>\t\t\t\t\t\t\t\t<\/div>\n\t\t\t\t<\/div>\n\t\t\t\t\t<\/div>\n\t\t<\/div>\n\t\t\t\t<div class=\"elementor-column elementor-col-33 elementor-top-column elementor-element elementor-element-30f590d\" data-id=\"30f590d\" data-element_type=\"column\" data-e-type=\"column\">\n\t\t\t<div class=\"elementor-widget-wrap\">\n\t\t\t\t\t\t\t<\/div>\n\t\t<\/div>\n\t\t\t\t<div class=\"elementor-column elementor-col-33 elementor-top-column elementor-element elementor-element-0f528ab\" data-id=\"0f528ab\" data-element_type=\"column\" data-e-type=\"column\">\n\t\t\t<div class=\"elementor-widget-wrap\">\n\t\t\t\t\t\t\t<\/div>\n\t\t<\/div>\n\t\t\t\t\t<\/div>\n\t\t<\/section>\n\t\t\t\t<\/div>\n\t\t","protected":false},"excerpt":{"rendered":"<p>Crescer na Terra do Nunca HQ(Mirarte, 3ed. 2024) O livro do Clube do Livro e suas hist\u00f3rias(CLS, 2023) Crescer na Terra do Nunca(Mirarte, 2ed. 2022) Elefoa(Scortecci, 2009) Mutir\u00e3o das Letrinhas(Scortecci, 2008) Peninha &#8211; O filhote de corru\u00edra(Scortecci, 2007) Betsy &#8211; Fio da meada (C\u00f3dex, 2002)<\/p>\n","protected":false},"author":1,"featured_media":0,"parent":0,"menu_order":0,"comment_status":"closed","ping_status":"closed","template":"","meta":{"site-sidebar-layout":"no-sidebar","site-content-layout":"page-builder","ast-site-content-layout":"default","site-content-style":"default","site-sidebar-style":"default","ast-global-header-display":"","ast-banner-title-visibility":"","ast-main-header-display":"","ast-hfb-above-header-display":"","ast-hfb-below-header-display":"","ast-hfb-mobile-header-display":"","site-post-title":"disabled","ast-breadcrumbs-content":"","ast-featured-img":"disabled","footer-sml-layout":"","ast-disable-related-posts":"","theme-transparent-header-meta":"","adv-header-id-meta":null,"stick-header-meta":null,"header-above-stick-meta":null,"header-main-stick-meta":null,"header-below-stick-meta":null,"astra-migrate-meta-layouts":"default","ast-page-background-enabled":"default","ast-page-background-meta":{"desktop":{"background-color":"var(--ast-global-color-4)","background-image":"","background-repeat":"repeat","background-position":"center center","background-size":"auto","background-attachment":"scroll","background-type":"","background-media":"","overlay-type":"","overlay-color":"","overlay-opacity":"","overlay-gradient":""},"tablet":{"background-color":"","background-image":"","background-repeat":"repeat","background-position":"center center","background-size":"auto","background-attachment":"scroll","background-type":"","background-media":"","overlay-type":"","overlay-color":"","overlay-opacity":"","overlay-gradient":""},"mobile":{"background-color":"","background-image":"","background-repeat":"repeat","background-position":"center center","background-size":"auto","background-attachment":"scroll","background-type":"","background-media":"","overlay-type":"","overlay-color":"","overlay-opacity":"","overlay-gradient":""}},"ast-content-background-meta":{"desktop":{"background-color":"var(--ast-global-color-5)","background-image":"","background-repeat":"repeat","background-position":"center center","background-size":"auto","background-attachment":"scroll","background-type":"","background-media":"","overlay-type":"","overlay-color":"","overlay-opacity":"","overlay-gradient":""},"tablet":{"background-color":"var(--ast-global-color-5)","background-image":"","background-repeat":"repeat","background-position":"center center","background-size":"auto","background-attachment":"scroll","background-type":"","background-media":"","overlay-type":"","overlay-color":"","overlay-opacity":"","overlay-gradient":""},"mobile":{"background-color":"var(--ast-global-color-5)","background-image":"","background-repeat":"repeat","background-position":"center center","background-size":"auto","background-attachment":"scroll","background-type":"","background-media":"","overlay-type":"","overlay-color":"","overlay-opacity":"","overlay-gradient":""}},"footnotes":""},"class_list":["post-1537","page","type-page","status-publish","hentry"],"_links":{"self":[{"href":"https:\/\/annaosta.com.br\/site\/wp-json\/wp\/v2\/pages\/1537","targetHints":{"allow":["GET"]}}],"collection":[{"href":"https:\/\/annaosta.com.br\/site\/wp-json\/wp\/v2\/pages"}],"about":[{"href":"https:\/\/annaosta.com.br\/site\/wp-json\/wp\/v2\/types\/page"}],"author":[{"embeddable":true,"href":"https:\/\/annaosta.com.br\/site\/wp-json\/wp\/v2\/users\/1"}],"replies":[{"embeddable":true,"href":"https:\/\/annaosta.com.br\/site\/wp-json\/wp\/v2\/comments?post=1537"}],"version-history":[{"count":110,"href":"https:\/\/annaosta.com.br\/site\/wp-json\/wp\/v2\/pages\/1537\/revisions"}],"predecessor-version":[{"id":3105,"href":"https:\/\/annaosta.com.br\/site\/wp-json\/wp\/v2\/pages\/1537\/revisions\/3105"}],"wp:attachment":[{"href":"https:\/\/annaosta.com.br\/site\/wp-json\/wp\/v2\/media?parent=1537"}],"curies":[{"name":"wp","href":"https:\/\/api.w.org\/{rel}","templated":true}]}}