{"id":20,"date":"2018-02-12T14:47:11","date_gmt":"2018-02-12T16:47:11","guid":{"rendered":"https:\/\/annaosta.com.br\/site\/about\/"},"modified":"2022-11-16T12:23:47","modified_gmt":"2022-11-16T15:23:47","slug":"sobre","status":"publish","type":"page","link":"https:\/\/annaosta.com.br\/site\/sobre\/","title":{"rendered":"Sobre"},"content":{"rendered":"\t\t<div data-elementor-type=\"wp-page\" data-elementor-id=\"20\" class=\"elementor elementor-20\">\n\t\t\t\t\t\t<section class=\"elementor-section elementor-top-section elementor-element elementor-element-f5916de elementor-section-boxed elementor-section-height-default elementor-section-height-default\" data-id=\"f5916de\" data-element_type=\"section\" data-e-type=\"section\">\n\t\t\t\t\t\t<div class=\"elementor-container elementor-column-gap-default\">\n\t\t\t\t\t<div class=\"elementor-column elementor-col-50 elementor-top-column elementor-element elementor-element-3b2cdf3\" data-id=\"3b2cdf3\" data-element_type=\"column\" data-e-type=\"column\">\n\t\t\t<div class=\"elementor-widget-wrap elementor-element-populated\">\n\t\t\t\t\t\t<div class=\"elementor-element elementor-element-28cb344 elementor-widget elementor-widget-image\" data-id=\"28cb344\" data-element_type=\"widget\" data-e-type=\"widget\" data-widget_type=\"image.default\">\n\t\t\t\t<div class=\"elementor-widget-container\">\n\t\t\t\t\t\t\t\t\t\t\t\t\t\t\t<img decoding=\"async\" src=\"https:\/\/annaosta.com.br\/site\/wp-content\/uploads\/elementor\/thumbs\/pag-biografia-conteudo-ptpkkiv65wq2yu3bq3n17jp18nf85nu1zbkkegfpt0.jpeg\" title=\"pag-biografia-conteudo\" alt=\"pag-biografia-conteudo\" loading=\"lazy\" \/>\t\t\t\t\t\t\t\t\t\t\t\t\t\t\t<\/div>\n\t\t\t\t<\/div>\n\t\t\t\t\t<\/div>\n\t\t<\/div>\n\t\t\t\t<div class=\"elementor-column elementor-col-50 elementor-top-column elementor-element elementor-element-986e5d0\" data-id=\"986e5d0\" data-element_type=\"column\" data-e-type=\"column\">\n\t\t\t<div class=\"elementor-widget-wrap elementor-element-populated\">\n\t\t\t\t\t\t<div class=\"elementor-element elementor-element-7703204 elementor-widget-mobile__width-inherit elementor-widget elementor-widget-text-editor\" data-id=\"7703204\" data-element_type=\"widget\" data-e-type=\"widget\" data-widget_type=\"text-editor.default\">\n\t\t\t\t<div class=\"elementor-widget-container\">\n\t\t\t\t\t\t\t\t\t<p>ANNA OSTA \u00e9 escritora, formada em Jornalismo pela PUC de Campinas.<\/p><p>Nasceu na cidade de Salto, interior de S\u00e3o Paulo, onde viveu at\u00e9 os 23 anos, quando conheceu seu marido e mudou-se para o Rio de Janeiro.<\/p><p>Dois anos depois, passaram a residir em Miami, na Fl\u00f3rida (USA).<\/p><p>A partir da\u00ed, foram muitas mudan\u00e7as de casa e de pa\u00eds&#8230;<\/p><p>Quando completaram 12 anos de relacionamento, Anna contabilizou as mudan\u00e7as de casa at\u00e9 ent\u00e3o e chegou \u00e0 assombrosa soma de 18! Sim, teve ano em que se mudaram duas e at\u00e9 tr\u00eas vezes, como aconteceu em 1992, quando viveram a experi\u00eancia do furac\u00e3o Andrew.<\/p><p>Foi nesse momento, ao retomar \u00e0 rotina depois de ter sua casa destru\u00edda pelo furac\u00e3o, que escreveu seu primeiro romance, Betsy. Anna acalentava, desde menina, o sonho de um dia escrever um livro e achou que era chegada a hora de realizar esse desejo.<\/p><p>Betsy foi publicado em meados de 2002 e, de l\u00e1 para c\u00e1, outras publica\u00e7\u00f5es se seguiram, como apresenta neste site.<\/p>\t\t\t\t\t\t\t\t<\/div>\n\t\t\t\t<\/div>\n\t\t\t\t\t<\/div>\n\t\t<\/div>\n\t\t\t\t\t<\/div>\n\t\t<\/section>\n\t\t\t\t<\/div>\n\t\t","protected":false},"excerpt":{"rendered":"<p>ANNA OSTA \u00e9 escritora, formada em Jornalismo pela PUC de Campinas. Nasceu na cidade de Salto, interior de S\u00e3o Paulo, onde viveu at\u00e9 os 23 anos, quando conheceu seu marido e mudou-se para o Rio de Janeiro. Dois anos depois, passaram a residir em Miami, na Fl\u00f3rida (USA). A partir da\u00ed, foram muitas mudan\u00e7as de [&hellip;]<\/p>\n","protected":false},"author":1,"featured_media":0,"parent":0,"menu_order":0,"comment_status":"closed","ping_status":"closed","template":"","meta":{"site-sidebar-layout":"no-sidebar","site-content-layout":"page-builder","ast-site-content-layout":"default","site-content-style":"default","site-sidebar-style":"default","ast-global-header-display":"","ast-banner-title-visibility":"","ast-main-header-display":"","ast-hfb-above-header-display":"","ast-hfb-below-header-display":"","ast-hfb-mobile-header-display":"","site-post-title":"disabled","ast-breadcrumbs-content":"","ast-featured-img":"disabled","footer-sml-layout":"","ast-disable-related-posts":"","theme-transparent-header-meta":"","adv-header-id-meta":null,"stick-header-meta":null,"header-above-stick-meta":null,"header-main-stick-meta":null,"header-below-stick-meta":null,"astra-migrate-meta-layouts":"default","ast-page-background-enabled":"default","ast-page-background-meta":{"desktop":{"background-color":"var(--ast-global-color-4)","background-image":"","background-repeat":"repeat","background-position":"center center","background-size":"auto","background-attachment":"scroll","background-type":"","background-media":"","overlay-type":"","overlay-color":"","overlay-opacity":"","overlay-gradient":""},"tablet":{"background-color":"","background-image":"","background-repeat":"repeat","background-position":"center center","background-size":"auto","background-attachment":"scroll","background-type":"","background-media":"","overlay-type":"","overlay-color":"","overlay-opacity":"","overlay-gradient":""},"mobile":{"background-color":"","background-image":"","background-repeat":"repeat","background-position":"center center","background-size":"auto","background-attachment":"scroll","background-type":"","background-media":"","overlay-type":"","overlay-color":"","overlay-opacity":"","overlay-gradient":""}},"ast-content-background-meta":{"desktop":{"background-color":"var(--ast-global-color-5)","background-image":"","background-repeat":"repeat","background-position":"center center","background-size":"auto","background-attachment":"scroll","background-type":"","background-media":"","overlay-type":"","overlay-color":"","overlay-opacity":"","overlay-gradient":""},"tablet":{"background-color":"var(--ast-global-color-5)","background-image":"","background-repeat":"repeat","background-position":"center center","background-size":"auto","background-attachment":"scroll","background-type":"","background-media":"","overlay-type":"","overlay-color":"","overlay-opacity":"","overlay-gradient":""},"mobile":{"background-color":"var(--ast-global-color-5)","background-image":"","background-repeat":"repeat","background-position":"center center","background-size":"auto","background-attachment":"scroll","background-type":"","background-media":"","overlay-type":"","overlay-color":"","overlay-opacity":"","overlay-gradient":""}},"footnotes":""},"class_list":["post-20","page","type-page","status-publish","hentry"],"_links":{"self":[{"href":"https:\/\/annaosta.com.br\/site\/wp-json\/wp\/v2\/pages\/20","targetHints":{"allow":["GET"]}}],"collection":[{"href":"https:\/\/annaosta.com.br\/site\/wp-json\/wp\/v2\/pages"}],"about":[{"href":"https:\/\/annaosta.com.br\/site\/wp-json\/wp\/v2\/types\/page"}],"author":[{"embeddable":true,"href":"https:\/\/annaosta.com.br\/site\/wp-json\/wp\/v2\/users\/1"}],"replies":[{"embeddable":true,"href":"https:\/\/annaosta.com.br\/site\/wp-json\/wp\/v2\/comments?post=20"}],"version-history":[{"count":146,"href":"https:\/\/annaosta.com.br\/site\/wp-json\/wp\/v2\/pages\/20\/revisions"}],"predecessor-version":[{"id":1914,"href":"https:\/\/annaosta.com.br\/site\/wp-json\/wp\/v2\/pages\/20\/revisions\/1914"}],"wp:attachment":[{"href":"https:\/\/annaosta.com.br\/site\/wp-json\/wp\/v2\/media?parent=20"}],"curies":[{"name":"wp","href":"https:\/\/api.w.org\/{rel}","templated":true}]}}