{"id":2194,"date":"2022-11-25T17:44:54","date_gmt":"2022-11-25T20:44:54","guid":{"rendered":"https:\/\/annaosta.com.br\/site\/?page_id=2194"},"modified":"2023-01-10T18:52:11","modified_gmt":"2023-01-10T21:52:11","slug":"elefoa","status":"publish","type":"page","link":"https:\/\/annaosta.com.br\/site\/elefoa\/","title":{"rendered":"Elefoa"},"content":{"rendered":"\t\t<div data-elementor-type=\"wp-post\" data-elementor-id=\"2194\" class=\"elementor elementor-2194\">\n\t\t\t\t\t\t<section class=\"elementor-section elementor-top-section elementor-element elementor-element-efbc762 elementor-section-boxed elementor-section-height-default elementor-section-height-default\" data-id=\"efbc762\" data-element_type=\"section\" data-e-type=\"section\">\n\t\t\t\t\t\t<div class=\"elementor-container elementor-column-gap-default\">\n\t\t\t\t\t<div class=\"elementor-column elementor-col-33 elementor-top-column elementor-element elementor-element-cda02e1\" data-id=\"cda02e1\" data-element_type=\"column\" data-e-type=\"column\">\n\t\t\t<div class=\"elementor-widget-wrap elementor-element-populated\">\n\t\t\t\t\t\t<div class=\"elementor-element elementor-element-a4495eb elementor-widget elementor-widget-image\" data-id=\"a4495eb\" data-element_type=\"widget\" data-e-type=\"widget\" data-widget_type=\"image.default\">\n\t\t\t\t<div class=\"elementor-widget-container\">\n\t\t\t\t\t\t\t\t\t\t\t\t\t\t\t<img fetchpriority=\"high\" decoding=\"async\" width=\"206\" height=\"300\" src=\"https:\/\/annaosta.com.br\/site\/wp-content\/uploads\/2023\/01\/Elefoa-206x300.png\" class=\"attachment-medium size-medium wp-image-2410\" alt=\"\" srcset=\"https:\/\/annaosta.com.br\/site\/wp-content\/uploads\/2023\/01\/Elefoa-206x300.png 206w, https:\/\/annaosta.com.br\/site\/wp-content\/uploads\/2023\/01\/Elefoa.png 632w\" sizes=\"(max-width: 206px) 100vw, 206px\" \/>\t\t\t\t\t\t\t\t\t\t\t\t\t\t\t<\/div>\n\t\t\t\t<\/div>\n\t\t\t\t<div class=\"elementor-element elementor-element-70114ba elementor-widget elementor-widget-text-editor\" data-id=\"70114ba\" data-element_type=\"widget\" data-e-type=\"widget\" data-widget_type=\"text-editor.default\">\n\t\t\t\t<div class=\"elementor-widget-container\">\n\t\t\t\t\t\t\t\t\t<p style=\"text-align: center;\"><strong>Elefoa<\/strong><br \/>(Scortecci, 2009)<\/p>\t\t\t\t\t\t\t\t<\/div>\n\t\t\t\t<\/div>\n\t\t\t\t\t<\/div>\n\t\t<\/div>\n\t\t\t\t<div class=\"elementor-column elementor-col-66 elementor-top-column elementor-element elementor-element-e0d29eb\" data-id=\"e0d29eb\" data-element_type=\"column\" data-e-type=\"column\">\n\t\t\t<div class=\"elementor-widget-wrap elementor-element-populated\">\n\t\t\t\t\t\t<div class=\"elementor-element elementor-element-7f05e31 elementor-widget elementor-widget-text-editor\" data-id=\"7f05e31\" data-element_type=\"widget\" data-e-type=\"widget\" data-widget_type=\"text-editor.default\">\n\t\t\t\t<div class=\"elementor-widget-container\">\n\t\t\t\t\t\t\t\t\t<p>\u201cElefoa\u201d \u00e9 a garantia de uma leitura saborosa, envolvente, durante a qual o conhecimento vai sendo constru\u00eddo gradativamente com uma deslumbrada e curiosa Gabriela. Assim como o jovem leitor, a quem se dirige esta obra liter\u00e1ria. Gabriela \u00e9 uma menina inquieta, que vai colecionando conquistas. Ela nos faz refletir que a evolu\u00e7\u00e3o do ser humano \u00e9 desafio e supera\u00e7\u00e3o constantes. De uma inquieta\u00e7\u00e3o sua sobre o uso incorreto do voc\u00e1bulo \u201celefoa\u201d, Gabriela ir\u00e1 conduzir o leitor para uma biblioteca para manusear um dicion\u00e1rio e perceber como tudo pode ser agrupado em ordem alfab\u00e9tica de uma forma l\u00f3gica e crescente. Anna Osta consegue, com essa corriqueira visita, fazer o pequeno leitor refletir sobre o uso da l\u00edngua e conscientiz\u00e1-lo de que esta \u00e9 din\u00e2mica, viva e c\u00edclica. Al\u00e9m do uso do dicion\u00e1rio, que \u00e9 o portal para o mundo m\u00e1gico das palavras, Gabriela ainda se depara com o universo dos livros.<\/p>\t\t\t\t\t\t\t\t<\/div>\n\t\t\t\t<\/div>\n\t\t\t\t\t<\/div>\n\t\t<\/div>\n\t\t\t\t\t<\/div>\n\t\t<\/section>\n\t\t\t\t<section class=\"elementor-section elementor-top-section elementor-element elementor-element-b4f1661 elementor-section-boxed elementor-section-height-default elementor-section-height-default\" data-id=\"b4f1661\" data-element_type=\"section\" data-e-type=\"section\">\n\t\t\t\t\t\t<div class=\"elementor-container elementor-column-gap-default\">\n\t\t\t\t\t<div class=\"elementor-column elementor-col-100 elementor-top-column elementor-element elementor-element-67abfa5\" data-id=\"67abfa5\" data-element_type=\"column\" data-e-type=\"column\">\n\t\t\t<div class=\"elementor-widget-wrap elementor-element-populated\">\n\t\t\t\t\t\t<div class=\"elementor-element elementor-element-bc1e9b7 elementor-widget elementor-widget-text-editor\" data-id=\"bc1e9b7\" data-element_type=\"widget\" data-e-type=\"widget\" data-widget_type=\"text-editor.default\">\n\t\t\t\t<div class=\"elementor-widget-container\">\n\t\t\t\t\t\t\t\t\t<p><strong>ESGOTADO!<\/strong><\/p>\t\t\t\t\t\t\t\t<\/div>\n\t\t\t\t<\/div>\n\t\t\t\t\t<\/div>\n\t\t<\/div>\n\t\t\t\t\t<\/div>\n\t\t<\/section>\n\t\t\t\t<\/div>\n\t\t","protected":false},"excerpt":{"rendered":"<p>Elefoa(Scortecci, 2009) \u201cElefoa\u201d \u00e9 a garantia de uma leitura saborosa, envolvente, durante a qual o conhecimento vai sendo constru\u00eddo gradativamente com uma deslumbrada e curiosa Gabriela. Assim como o jovem leitor, a quem se dirige esta obra liter\u00e1ria. Gabriela \u00e9 uma menina inquieta, que vai colecionando conquistas. Ela nos faz refletir que a evolu\u00e7\u00e3o do [&hellip;]<\/p>\n","protected":false},"author":2,"featured_media":0,"parent":0,"menu_order":0,"comment_status":"closed","ping_status":"closed","template":"","meta":{"site-sidebar-layout":"no-sidebar","site-content-layout":"page-builder","ast-site-content-layout":"default","site-content-style":"default","site-sidebar-style":"default","ast-global-header-display":"","ast-banner-title-visibility":"","ast-main-header-display":"","ast-hfb-above-header-display":"","ast-hfb-below-header-display":"","ast-hfb-mobile-header-display":"","site-post-title":"disabled","ast-breadcrumbs-content":"","ast-featured-img":"disabled","footer-sml-layout":"","ast-disable-related-posts":"","theme-transparent-header-meta":"","adv-header-id-meta":null,"stick-header-meta":null,"header-above-stick-meta":null,"header-main-stick-meta":null,"header-below-stick-meta":null,"astra-migrate-meta-layouts":"default","ast-page-background-enabled":"default","ast-page-background-meta":{"desktop":{"background-color":"var(--ast-global-color-4)","background-image":"","background-repeat":"repeat","background-position":"center center","background-size":"auto","background-attachment":"scroll","background-type":"","background-media":"","overlay-type":"","overlay-color":"","overlay-opacity":"","overlay-gradient":""},"tablet":{"background-color":"","background-image":"","background-repeat":"repeat","background-position":"center center","background-size":"auto","background-attachment":"scroll","background-type":"","background-media":"","overlay-type":"","overlay-color":"","overlay-opacity":"","overlay-gradient":""},"mobile":{"background-color":"","background-image":"","background-repeat":"repeat","background-position":"center center","background-size":"auto","background-attachment":"scroll","background-type":"","background-media":"","overlay-type":"","overlay-color":"","overlay-opacity":"","overlay-gradient":""}},"ast-content-background-meta":{"desktop":{"background-color":"var(--ast-global-color-5)","background-image":"","background-repeat":"repeat","background-position":"center center","background-size":"auto","background-attachment":"scroll","background-type":"","background-media":"","overlay-type":"","overlay-color":"","overlay-opacity":"","overlay-gradient":""},"tablet":{"background-color":"var(--ast-global-color-5)","background-image":"","background-repeat":"repeat","background-position":"center center","background-size":"auto","background-attachment":"scroll","background-type":"","background-media":"","overlay-type":"","overlay-color":"","overlay-opacity":"","overlay-gradient":""},"mobile":{"background-color":"var(--ast-global-color-5)","background-image":"","background-repeat":"repeat","background-position":"center center","background-size":"auto","background-attachment":"scroll","background-type":"","background-media":"","overlay-type":"","overlay-color":"","overlay-opacity":"","overlay-gradient":""}},"footnotes":""},"class_list":["post-2194","page","type-page","status-publish","hentry"],"_links":{"self":[{"href":"https:\/\/annaosta.com.br\/site\/wp-json\/wp\/v2\/pages\/2194","targetHints":{"allow":["GET"]}}],"collection":[{"href":"https:\/\/annaosta.com.br\/site\/wp-json\/wp\/v2\/pages"}],"about":[{"href":"https:\/\/annaosta.com.br\/site\/wp-json\/wp\/v2\/types\/page"}],"author":[{"embeddable":true,"href":"https:\/\/annaosta.com.br\/site\/wp-json\/wp\/v2\/users\/2"}],"replies":[{"embeddable":true,"href":"https:\/\/annaosta.com.br\/site\/wp-json\/wp\/v2\/comments?post=2194"}],"version-history":[{"count":17,"href":"https:\/\/annaosta.com.br\/site\/wp-json\/wp\/v2\/pages\/2194\/revisions"}],"predecessor-version":[{"id":2420,"href":"https:\/\/annaosta.com.br\/site\/wp-json\/wp\/v2\/pages\/2194\/revisions\/2420"}],"wp:attachment":[{"href":"https:\/\/annaosta.com.br\/site\/wp-json\/wp\/v2\/media?parent=2194"}],"curies":[{"name":"wp","href":"https:\/\/api.w.org\/{rel}","templated":true}]}}