{"id":2208,"date":"2022-11-25T18:16:21","date_gmt":"2022-11-25T21:16:21","guid":{"rendered":"https:\/\/annaosta.com.br\/site\/?page_id=2208"},"modified":"2022-11-25T18:20:57","modified_gmt":"2022-11-25T21:20:57","slug":"mutirao-das-letrinhas","status":"publish","type":"page","link":"https:\/\/annaosta.com.br\/site\/mutirao-das-letrinhas\/","title":{"rendered":"Mutir\u00e3o das Letrinhas"},"content":{"rendered":"\t\t<div data-elementor-type=\"wp-post\" data-elementor-id=\"2208\" class=\"elementor elementor-2208\">\n\t\t\t\t\t\t<section class=\"elementor-section elementor-top-section elementor-element elementor-element-efbc762 elementor-section-boxed elementor-section-height-default elementor-section-height-default\" data-id=\"efbc762\" data-element_type=\"section\" data-e-type=\"section\">\n\t\t\t\t\t\t<div class=\"elementor-container elementor-column-gap-default\">\n\t\t\t\t\t<div class=\"elementor-column elementor-col-33 elementor-top-column elementor-element elementor-element-cda02e1\" data-id=\"cda02e1\" data-element_type=\"column\" data-e-type=\"column\">\n\t\t\t<div class=\"elementor-widget-wrap elementor-element-populated\">\n\t\t\t\t\t\t<div class=\"elementor-element elementor-element-a4495eb elementor-widget elementor-widget-image\" data-id=\"a4495eb\" data-element_type=\"widget\" data-e-type=\"widget\" data-widget_type=\"image.default\">\n\t\t\t\t<div class=\"elementor-widget-container\">\n\t\t\t\t\t\t\t\t\t\t\t\t\t\t\t<img fetchpriority=\"high\" decoding=\"async\" width=\"300\" height=\"300\" src=\"https:\/\/annaosta.com.br\/site\/wp-content\/uploads\/2022\/11\/Mutirao-das-letrinhas-300x300.png\" class=\"attachment-medium size-medium wp-image-2182\" alt=\"\" srcset=\"https:\/\/annaosta.com.br\/site\/wp-content\/uploads\/2022\/11\/Mutirao-das-letrinhas-300x300.png 300w, https:\/\/annaosta.com.br\/site\/wp-content\/uploads\/2022\/11\/Mutirao-das-letrinhas-1024x1024.png 1024w, https:\/\/annaosta.com.br\/site\/wp-content\/uploads\/2022\/11\/Mutirao-das-letrinhas-150x150.png 150w, https:\/\/annaosta.com.br\/site\/wp-content\/uploads\/2022\/11\/Mutirao-das-letrinhas-768x768.png 768w, https:\/\/annaosta.com.br\/site\/wp-content\/uploads\/2022\/11\/Mutirao-das-letrinhas.png 1080w\" sizes=\"(max-width: 300px) 100vw, 300px\" \/>\t\t\t\t\t\t\t\t\t\t\t\t\t\t\t<\/div>\n\t\t\t\t<\/div>\n\t\t\t\t<div class=\"elementor-element elementor-element-70114ba elementor-widget elementor-widget-text-editor\" data-id=\"70114ba\" data-element_type=\"widget\" data-e-type=\"widget\" data-widget_type=\"text-editor.default\">\n\t\t\t\t<div class=\"elementor-widget-container\">\n\t\t\t\t\t\t\t\t\t<p style=\"text-align: center;\"><strong>Mutir\u00e3o das Letrinhas<\/strong><br \/>(Scortecci, 2008)<\/p>\t\t\t\t\t\t\t\t<\/div>\n\t\t\t\t<\/div>\n\t\t\t\t\t<\/div>\n\t\t<\/div>\n\t\t\t\t<div class=\"elementor-column elementor-col-66 elementor-top-column elementor-element elementor-element-e0d29eb\" data-id=\"e0d29eb\" data-element_type=\"column\" data-e-type=\"column\">\n\t\t\t<div class=\"elementor-widget-wrap elementor-element-populated\">\n\t\t\t\t\t\t<div class=\"elementor-element elementor-element-7f05e31 elementor-widget elementor-widget-text-editor\" data-id=\"7f05e31\" data-element_type=\"widget\" data-e-type=\"widget\" data-widget_type=\"text-editor.default\">\n\t\t\t\t<div class=\"elementor-widget-container\">\n\t\t\t\t\t\t\t\t\t<p>Um mutir\u00e3o de ideias \u00e9 o que Anna Osta, em mais uma aventura no mundo da literatura infantil, pode provocar com este Mutir\u00e3o das Letrinhas. Um presente aos jovens e\/ou eternos aprendizes das letras. <br \/>Curioso e not\u00e1vel nesta obra \u00e9 que as letras do alfabeto vivem a hist\u00f3ria sem interfer\u00eancias externas, relacionam-se harmonicamente com o leitor envolvendo-o como participante ativo na aventura das letrinhas. <br \/>A narrativa divertida e original, coroada com exerc\u00edcios de caligrafia, comp\u00f5e uma agrad\u00e1vel ferramenta para o est\u00edmulo \u00e0 escrita correta das palavras, pesquisas em dicion\u00e1rios, campanhas de leitura e muito mais. <\/p>\t\t\t\t\t\t\t\t<\/div>\n\t\t\t\t<\/div>\n\t\t\t\t\t<\/div>\n\t\t<\/div>\n\t\t\t\t\t<\/div>\n\t\t<\/section>\n\t\t\t\t<section class=\"elementor-section elementor-top-section elementor-element elementor-element-b4f1661 elementor-section-boxed elementor-section-height-default elementor-section-height-default\" data-id=\"b4f1661\" data-element_type=\"section\" data-e-type=\"section\">\n\t\t\t\t\t\t<div class=\"elementor-container elementor-column-gap-default\">\n\t\t\t\t\t<div class=\"elementor-column elementor-col-100 elementor-top-column elementor-element elementor-element-67abfa5\" data-id=\"67abfa5\" data-element_type=\"column\" data-e-type=\"column\">\n\t\t\t<div class=\"elementor-widget-wrap elementor-element-populated\">\n\t\t\t\t\t\t<div class=\"elementor-element elementor-element-bc1e9b7 elementor-widget elementor-widget-text-editor\" data-id=\"bc1e9b7\" data-element_type=\"widget\" data-e-type=\"widget\" data-widget_type=\"text-editor.default\">\n\t\t\t\t<div class=\"elementor-widget-container\">\n\t\t\t\t\t\t\t\t\t<p><strong>ESGOTADO!<\/strong><\/p>\t\t\t\t\t\t\t\t<\/div>\n\t\t\t\t<\/div>\n\t\t\t\t\t<\/div>\n\t\t<\/div>\n\t\t\t\t\t<\/div>\n\t\t<\/section>\n\t\t\t\t<\/div>\n\t\t","protected":false},"excerpt":{"rendered":"<p>Mutir\u00e3o das Letrinhas(Scortecci, 2008) Um mutir\u00e3o de ideias \u00e9 o que Anna Osta, em mais uma aventura no mundo da literatura infantil, pode provocar com este Mutir\u00e3o das Letrinhas. Um presente aos jovens e\/ou eternos aprendizes das letras. Curioso e not\u00e1vel nesta obra \u00e9 que as letras do alfabeto vivem a hist\u00f3ria sem interfer\u00eancias externas, [&hellip;]<\/p>\n","protected":false},"author":2,"featured_media":0,"parent":0,"menu_order":0,"comment_status":"closed","ping_status":"closed","template":"","meta":{"site-sidebar-layout":"no-sidebar","site-content-layout":"page-builder","ast-site-content-layout":"default","site-content-style":"default","site-sidebar-style":"default","ast-global-header-display":"","ast-banner-title-visibility":"","ast-main-header-display":"","ast-hfb-above-header-display":"","ast-hfb-below-header-display":"","ast-hfb-mobile-header-display":"","site-post-title":"disabled","ast-breadcrumbs-content":"","ast-featured-img":"disabled","footer-sml-layout":"","ast-disable-related-posts":"","theme-transparent-header-meta":"","adv-header-id-meta":null,"stick-header-meta":null,"header-above-stick-meta":null,"header-main-stick-meta":null,"header-below-stick-meta":null,"astra-migrate-meta-layouts":"default","ast-page-background-enabled":"default","ast-page-background-meta":{"desktop":{"background-color":"var(--ast-global-color-4)","background-image":"","background-repeat":"repeat","background-position":"center center","background-size":"auto","background-attachment":"scroll","background-type":"","background-media":"","overlay-type":"","overlay-color":"","overlay-opacity":"","overlay-gradient":""},"tablet":{"background-color":"","background-image":"","background-repeat":"repeat","background-position":"center center","background-size":"auto","background-attachment":"scroll","background-type":"","background-media":"","overlay-type":"","overlay-color":"","overlay-opacity":"","overlay-gradient":""},"mobile":{"background-color":"","background-image":"","background-repeat":"repeat","background-position":"center center","background-size":"auto","background-attachment":"scroll","background-type":"","background-media":"","overlay-type":"","overlay-color":"","overlay-opacity":"","overlay-gradient":""}},"ast-content-background-meta":{"desktop":{"background-color":"var(--ast-global-color-5)","background-image":"","background-repeat":"repeat","background-position":"center center","background-size":"auto","background-attachment":"scroll","background-type":"","background-media":"","overlay-type":"","overlay-color":"","overlay-opacity":"","overlay-gradient":""},"tablet":{"background-color":"var(--ast-global-color-5)","background-image":"","background-repeat":"repeat","background-position":"center center","background-size":"auto","background-attachment":"scroll","background-type":"","background-media":"","overlay-type":"","overlay-color":"","overlay-opacity":"","overlay-gradient":""},"mobile":{"background-color":"var(--ast-global-color-5)","background-image":"","background-repeat":"repeat","background-position":"center center","background-size":"auto","background-attachment":"scroll","background-type":"","background-media":"","overlay-type":"","overlay-color":"","overlay-opacity":"","overlay-gradient":""}},"footnotes":""},"class_list":["post-2208","page","type-page","status-publish","hentry"],"_links":{"self":[{"href":"https:\/\/annaosta.com.br\/site\/wp-json\/wp\/v2\/pages\/2208","targetHints":{"allow":["GET"]}}],"collection":[{"href":"https:\/\/annaosta.com.br\/site\/wp-json\/wp\/v2\/pages"}],"about":[{"href":"https:\/\/annaosta.com.br\/site\/wp-json\/wp\/v2\/types\/page"}],"author":[{"embeddable":true,"href":"https:\/\/annaosta.com.br\/site\/wp-json\/wp\/v2\/users\/2"}],"replies":[{"embeddable":true,"href":"https:\/\/annaosta.com.br\/site\/wp-json\/wp\/v2\/comments?post=2208"}],"version-history":[{"count":4,"href":"https:\/\/annaosta.com.br\/site\/wp-json\/wp\/v2\/pages\/2208\/revisions"}],"predecessor-version":[{"id":2212,"href":"https:\/\/annaosta.com.br\/site\/wp-json\/wp\/v2\/pages\/2208\/revisions\/2212"}],"wp:attachment":[{"href":"https:\/\/annaosta.com.br\/site\/wp-json\/wp\/v2\/media?parent=2208"}],"curies":[{"name":"wp","href":"https:\/\/api.w.org\/{rel}","templated":true}]}}