{"id":3090,"date":"2024-10-08T16:31:42","date_gmt":"2024-10-08T19:31:42","guid":{"rendered":"https:\/\/annaosta.com.br\/site\/?page_id=3090"},"modified":"2024-10-08T16:32:52","modified_gmt":"2024-10-08T19:32:52","slug":"crescer-na-terra-do-nunca-hq","status":"publish","type":"page","link":"https:\/\/annaosta.com.br\/site\/crescer-na-terra-do-nunca-hq\/","title":{"rendered":"Crescer na Terra do Nunca HQ"},"content":{"rendered":"\t\t<div data-elementor-type=\"wp-post\" data-elementor-id=\"3090\" class=\"elementor elementor-3090\">\n\t\t\t\t\t\t<section class=\"elementor-section elementor-top-section elementor-element elementor-element-efbc762 elementor-section-boxed elementor-section-height-default elementor-section-height-default\" data-id=\"efbc762\" data-element_type=\"section\" data-e-type=\"section\">\n\t\t\t\t\t\t<div class=\"elementor-container elementor-column-gap-default\">\n\t\t\t\t\t<div class=\"elementor-column elementor-col-33 elementor-top-column elementor-element elementor-element-cda02e1\" data-id=\"cda02e1\" data-element_type=\"column\" data-e-type=\"column\">\n\t\t\t<div class=\"elementor-widget-wrap elementor-element-populated\">\n\t\t\t\t\t\t<div class=\"elementor-element elementor-element-a4495eb elementor-widget elementor-widget-image\" data-id=\"a4495eb\" data-element_type=\"widget\" data-e-type=\"widget\" data-widget_type=\"image.default\">\n\t\t\t\t<div class=\"elementor-widget-container\">\n\t\t\t\t\t\t\t\t\t\t\t\t\t\t\t<img fetchpriority=\"high\" decoding=\"async\" width=\"300\" height=\"270\" src=\"https:\/\/annaosta.com.br\/site\/wp-content\/uploads\/2024\/10\/Capa-Crescer-na-Terra-do-Nunca-300x270.png\" class=\"attachment-medium size-medium wp-image-3092\" alt=\"\" srcset=\"https:\/\/annaosta.com.br\/site\/wp-content\/uploads\/2024\/10\/Capa-Crescer-na-Terra-do-Nunca-300x270.png 300w, https:\/\/annaosta.com.br\/site\/wp-content\/uploads\/2024\/10\/Capa-Crescer-na-Terra-do-Nunca-1024x922.png 1024w, https:\/\/annaosta.com.br\/site\/wp-content\/uploads\/2024\/10\/Capa-Crescer-na-Terra-do-Nunca-768x691.png 768w, https:\/\/annaosta.com.br\/site\/wp-content\/uploads\/2024\/10\/Capa-Crescer-na-Terra-do-Nunca-1536x1383.png 1536w, https:\/\/annaosta.com.br\/site\/wp-content\/uploads\/2024\/10\/Capa-Crescer-na-Terra-do-Nunca-2048x1844.png 2048w\" sizes=\"(max-width: 300px) 100vw, 300px\" \/>\t\t\t\t\t\t\t\t\t\t\t\t\t\t\t<\/div>\n\t\t\t\t<\/div>\n\t\t\t\t<div class=\"elementor-element elementor-element-70114ba elementor-widget elementor-widget-text-editor\" data-id=\"70114ba\" data-element_type=\"widget\" data-e-type=\"widget\" data-widget_type=\"text-editor.default\">\n\t\t\t\t<div class=\"elementor-widget-container\">\n\t\t\t\t\t\t\t\t\t<p style=\"text-align: center;\"><strong>Crescer na Terra do Nunca HQ<\/strong><br \/>(Mirarte, 3ed., 2024)<\/p>\t\t\t\t\t\t\t\t<\/div>\n\t\t\t\t<\/div>\n\t\t\t\t\t<\/div>\n\t\t<\/div>\n\t\t\t\t<div class=\"elementor-column elementor-col-66 elementor-top-column elementor-element elementor-element-e0d29eb\" data-id=\"e0d29eb\" data-element_type=\"column\" data-e-type=\"column\">\n\t\t\t<div class=\"elementor-widget-wrap elementor-element-populated\">\n\t\t\t\t\t\t<div class=\"elementor-element elementor-element-7f05e31 elementor-widget elementor-widget-text-editor\" data-id=\"7f05e31\" data-element_type=\"widget\" data-e-type=\"widget\" data-widget_type=\"text-editor.default\">\n\t\t\t\t<div class=\"elementor-widget-container\">\n\t\t\t\t\t\t\t\t\t<p>Crescer na Terra do Nunca em HQ \u00e9 uma jornada emocionante sobre a busca pela identidade na adolesc\u00eancia, a luta contra as expectativas e a descoberta de que, \u00e0s vezes, o crescimento \u00e9 a aventura mais corajosa de todas.<\/p>\t\t\t\t\t\t\t\t<\/div>\n\t\t\t\t<\/div>\n\t\t\t\t\t<\/div>\n\t\t<\/div>\n\t\t\t\t\t<\/div>\n\t\t<\/section>\n\t\t\t\t<section class=\"elementor-section elementor-top-section elementor-element elementor-element-b4f1661 elementor-section-boxed elementor-section-height-default elementor-section-height-default\" data-id=\"b4f1661\" data-element_type=\"section\" data-e-type=\"section\">\n\t\t\t\t\t\t<div class=\"elementor-container elementor-column-gap-default\">\n\t\t\t\t\t<div class=\"elementor-column elementor-col-100 elementor-top-column elementor-element elementor-element-67abfa5\" data-id=\"67abfa5\" data-element_type=\"column\" data-e-type=\"column\">\n\t\t\t<div class=\"elementor-widget-wrap elementor-element-populated\">\n\t\t\t\t\t\t<div class=\"elementor-element elementor-element-bc1e9b7 elementor-widget elementor-widget-text-editor\" data-id=\"bc1e9b7\" data-element_type=\"widget\" data-e-type=\"widget\" data-widget_type=\"text-editor.default\">\n\t\t\t\t<div class=\"elementor-widget-container\">\n\t\t\t\t\t\t\t\t\t<p><strong>ESCOLHA ONDE COMPRAR<\/strong><\/p>\t\t\t\t\t\t\t\t<\/div>\n\t\t\t\t<\/div>\n\t\t\t\t\t<\/div>\n\t\t<\/div>\n\t\t\t\t\t<\/div>\n\t\t<\/section>\n\t\t\t\t<section class=\"elementor-section elementor-top-section elementor-element elementor-element-38fcff4 elementor-section-boxed elementor-section-height-default elementor-section-height-default\" data-id=\"38fcff4\" data-element_type=\"section\" data-e-type=\"section\">\n\t\t\t\t\t\t<div class=\"elementor-container elementor-column-gap-default\">\n\t\t\t\t\t<div class=\"elementor-column elementor-col-20 elementor-top-column elementor-element elementor-element-5e3ee13\" data-id=\"5e3ee13\" data-element_type=\"column\" data-e-type=\"column\">\n\t\t\t<div class=\"elementor-widget-wrap elementor-element-populated\">\n\t\t\t\t\t\t<div class=\"elementor-element elementor-element-1134387 elementor-widget elementor-widget-image\" data-id=\"1134387\" data-element_type=\"widget\" data-e-type=\"widget\" data-widget_type=\"image.default\">\n\t\t\t\t<div class=\"elementor-widget-container\">\n\t\t\t\t\t\t\t\t\t\t\t\t\t\t\t\t<a href=\"https:\/\/www.amazon.com.br\/Crescer-na-Terra-do-Nunca\/dp\/8564005255\/ref=sr_1_1?crid=2DLG2YG7NA3CW&#038;dib=eyJ2IjoiMSJ9.krZaX7fBrOQEDLGtWIvtEA.UKG-G2vOBYRcNKa1fActOQSLflXmtSGgPHwK8_VVNdo&#038;dib_tag=se&#038;keywords=crescer+na+terra+do+nunca+hq&#038;qid=1728415562&#038;sprefix=%2Caps%2C201&#038;sr=8-1\">\n\t\t\t\t\t\t\t<img decoding=\"async\" src=\"https:\/\/annaosta.com.br\/site\/wp-content\/uploads\/2022\/11\/Amazon.png\" title=\"Amazon\" alt=\"Amazon\" loading=\"lazy\" \/>\t\t\t\t\t\t\t\t<\/a>\n\t\t\t\t\t\t\t\t\t\t\t\t\t\t\t<\/div>\n\t\t\t\t<\/div>\n\t\t\t\t\t<\/div>\n\t\t<\/div>\n\t\t\t\t<div class=\"elementor-column elementor-col-20 elementor-top-column elementor-element elementor-element-f3f1887\" data-id=\"f3f1887\" data-element_type=\"column\" data-e-type=\"column\">\n\t\t\t<div class=\"elementor-widget-wrap elementor-element-populated\">\n\t\t\t\t\t\t<div class=\"elementor-element elementor-element-739b274 elementor-widget elementor-widget-image\" data-id=\"739b274\" data-element_type=\"widget\" data-e-type=\"widget\" data-widget_type=\"image.default\">\n\t\t\t\t<div class=\"elementor-widget-container\">\n\t\t\t\t\t\t\t\t\t\t\t\t\t\t\t\t<a href=\"https:\/\/loja.umlivro.com.br\/crescer-na-terra-do-nunca-7114206\/p\">\n\t\t\t\t\t\t\t<img decoding=\"async\" src=\"https:\/\/annaosta.com.br\/site\/wp-content\/uploads\/2022\/11\/um-livro.png\" title=\"\" alt=\"\" loading=\"lazy\" \/>\t\t\t\t\t\t\t\t<\/a>\n\t\t\t\t\t\t\t\t\t\t\t\t\t\t\t<\/div>\n\t\t\t\t<\/div>\n\t\t\t\t\t<\/div>\n\t\t<\/div>\n\t\t\t\t<div class=\"elementor-column elementor-col-20 elementor-top-column elementor-element elementor-element-7a10589\" data-id=\"7a10589\" data-element_type=\"column\" data-e-type=\"column\">\n\t\t\t<div class=\"elementor-widget-wrap elementor-element-populated\">\n\t\t\t\t\t\t<div class=\"elementor-element elementor-element-d0a0585 elementor-widget elementor-widget-image\" data-id=\"d0a0585\" data-element_type=\"widget\" data-e-type=\"widget\" data-widget_type=\"image.default\">\n\t\t\t\t<div class=\"elementor-widget-container\">\n\t\t\t\t\t\t\t\t\t\t\t\t\t\t\t\t<a href=\"https:\/\/www.americanas.com.br\/produto\/7506167667\/crescer-na-terra-do-nunca?pfm_carac=crescer-na-terra-do-nunca&#038;pfm_index=2&#038;pfm_page=search&#038;pfm_pos=grid&#038;pfm_type=search_page&#038;offerId=66d87dcdf85575c5691d2315\">\n\t\t\t\t\t\t\t<img decoding=\"async\" src=\"https:\/\/annaosta.com.br\/site\/wp-content\/uploads\/2022\/11\/Americanas.png\" title=\"\" alt=\"\" loading=\"lazy\" \/>\t\t\t\t\t\t\t\t<\/a>\n\t\t\t\t\t\t\t\t\t\t\t\t\t\t\t<\/div>\n\t\t\t\t<\/div>\n\t\t\t\t\t<\/div>\n\t\t<\/div>\n\t\t\t\t<div class=\"elementor-column elementor-col-20 elementor-top-column elementor-element elementor-element-400e538\" data-id=\"400e538\" data-element_type=\"column\" data-e-type=\"column\">\n\t\t\t<div class=\"elementor-widget-wrap elementor-element-populated\">\n\t\t\t\t\t\t<div class=\"elementor-element elementor-element-adec69e elementor-widget elementor-widget-image\" data-id=\"adec69e\" data-element_type=\"widget\" data-e-type=\"widget\" data-widget_type=\"image.default\">\n\t\t\t\t<div class=\"elementor-widget-container\">\n\t\t\t\t\t\t\t\t\t\t\t\t\t\t\t\t<a href=\"https:\/\/www.extra.com.br\/crescer-na-terra-do-nunca\/p\/1568899309?utm_source=gp_branding&#038;utm_medium=cpc&#038;utm_campaign=gg_brd_inst_ex_exata\">\n\t\t\t\t\t\t\t<img decoding=\"async\" width=\"200\" height=\"89\" src=\"https:\/\/annaosta.com.br\/site\/wp-content\/uploads\/2022\/11\/Extra.png\" class=\"attachment-full size-full wp-image-1940\" alt=\"\" \/>\t\t\t\t\t\t\t\t<\/a>\n\t\t\t\t\t\t\t\t\t\t\t\t\t\t\t<\/div>\n\t\t\t\t<\/div>\n\t\t\t\t\t<\/div>\n\t\t<\/div>\n\t\t\t\t<div class=\"elementor-column elementor-col-20 elementor-top-column elementor-element elementor-element-911bdfd\" data-id=\"911bdfd\" data-element_type=\"column\" data-e-type=\"column\">\n\t\t\t<div class=\"elementor-widget-wrap elementor-element-populated\">\n\t\t\t\t\t\t<div class=\"elementor-element elementor-element-7ceb98d elementor-widget elementor-widget-image\" data-id=\"7ceb98d\" data-element_type=\"widget\" data-e-type=\"widget\" data-widget_type=\"image.default\">\n\t\t\t\t<div class=\"elementor-widget-container\">\n\t\t\t\t\t\t\t\t\t\t\t\t\t\t\t\t<a href=\"https:\/\/www.estantevirtual.com.br\/livro\/crescer-na-terra-do-nunca-EJY-5767-000\">\n\t\t\t\t\t\t\t<img decoding=\"async\" src=\"https:\/\/annaosta.com.br\/site\/wp-content\/uploads\/2022\/11\/Estante-Virtual.png\" title=\"\" alt=\"\" loading=\"lazy\" \/>\t\t\t\t\t\t\t\t<\/a>\n\t\t\t\t\t\t\t\t\t\t\t\t\t\t\t<\/div>\n\t\t\t\t<\/div>\n\t\t\t\t\t<\/div>\n\t\t<\/div>\n\t\t\t\t\t<\/div>\n\t\t<\/section>\n\t\t\t\t<\/div>\n\t\t","protected":false},"excerpt":{"rendered":"<p>Crescer na Terra do Nunca HQ(Mirarte, 3ed., 2024) Crescer na Terra do Nunca em HQ \u00e9 uma jornada emocionante sobre a busca pela identidade na adolesc\u00eancia, a luta contra as expectativas e a descoberta de que, \u00e0s vezes, o crescimento \u00e9 a aventura mais corajosa de todas. ESCOLHA ONDE COMPRAR<\/p>\n","protected":false},"author":2,"featured_media":0,"parent":0,"menu_order":0,"comment_status":"closed","ping_status":"closed","template":"","meta":{"site-sidebar-layout":"no-sidebar","site-content-layout":null,"ast-site-content-layout":"full-width-container","site-content-style":"unboxed","site-sidebar-style":"unboxed","ast-global-header-display":"","ast-banner-title-visibility":"","ast-main-header-display":"","ast-hfb-above-header-display":null,"ast-hfb-below-header-display":null,"ast-hfb-mobile-header-display":"","site-post-title":"disabled","ast-breadcrumbs-content":null,"ast-featured-img":"disabled","footer-sml-layout":"","ast-disable-related-posts":"","theme-transparent-header-meta":"","adv-header-id-meta":null,"stick-header-meta":null,"header-above-stick-meta":null,"header-main-stick-meta":null,"header-below-stick-meta":null,"astra-migrate-meta-layouts":"default","ast-page-background-enabled":"default","ast-page-background-meta":{"desktop":{"background-color":"var(--ast-global-color-4)","background-image":"","background-repeat":"repeat","background-position":"center center","background-size":"auto","background-attachment":"scroll","background-type":"","background-media":"","overlay-type":"","overlay-color":"","overlay-opacity":"","overlay-gradient":""},"tablet":{"background-color":"","background-image":"","background-repeat":"repeat","background-position":"center center","background-size":"auto","background-attachment":"scroll","background-type":"","background-media":"","overlay-type":"","overlay-color":"","overlay-opacity":"","overlay-gradient":""},"mobile":{"background-color":"","background-image":"","background-repeat":"repeat","background-position":"center center","background-size":"auto","background-attachment":"scroll","background-type":"","background-media":"","overlay-type":"","overlay-color":"","overlay-opacity":"","overlay-gradient":""}},"ast-content-background-meta":{"desktop":{"background-color":"var(--ast-global-color-5)","background-image":"","background-repeat":"repeat","background-position":"center center","background-size":"auto","background-attachment":"scroll","background-type":"","background-media":"","overlay-type":"","overlay-color":"","overlay-opacity":"","overlay-gradient":""},"tablet":{"background-color":"var(--ast-global-color-5)","background-image":"","background-repeat":"repeat","background-position":"center center","background-size":"auto","background-attachment":"scroll","background-type":"","background-media":"","overlay-type":"","overlay-color":"","overlay-opacity":"","overlay-gradient":""},"mobile":{"background-color":"var(--ast-global-color-5)","background-image":"","background-repeat":"repeat","background-position":"center center","background-size":"auto","background-attachment":"scroll","background-type":"","background-media":"","overlay-type":"","overlay-color":"","overlay-opacity":"","overlay-gradient":""}},"footnotes":""},"class_list":["post-3090","page","type-page","status-publish","hentry"],"_links":{"self":[{"href":"https:\/\/annaosta.com.br\/site\/wp-json\/wp\/v2\/pages\/3090","targetHints":{"allow":["GET"]}}],"collection":[{"href":"https:\/\/annaosta.com.br\/site\/wp-json\/wp\/v2\/pages"}],"about":[{"href":"https:\/\/annaosta.com.br\/site\/wp-json\/wp\/v2\/types\/page"}],"author":[{"embeddable":true,"href":"https:\/\/annaosta.com.br\/site\/wp-json\/wp\/v2\/users\/2"}],"replies":[{"embeddable":true,"href":"https:\/\/annaosta.com.br\/site\/wp-json\/wp\/v2\/comments?post=3090"}],"version-history":[{"count":7,"href":"https:\/\/annaosta.com.br\/site\/wp-json\/wp\/v2\/pages\/3090\/revisions"}],"predecessor-version":[{"id":3098,"href":"https:\/\/annaosta.com.br\/site\/wp-json\/wp\/v2\/pages\/3090\/revisions\/3098"}],"wp:attachment":[{"href":"https:\/\/annaosta.com.br\/site\/wp-json\/wp\/v2\/media?parent=3090"}],"curies":[{"name":"wp","href":"https:\/\/api.w.org\/{rel}","templated":true}]}}